{"id":15106,"date":"2023-11-11T21:24:35","date_gmt":"2023-11-11T20:24:35","guid":{"rendered":"https:\/\/fimedia.net\/webinar\/?page_id=15106"},"modified":"2023-11-13T14:54:43","modified_gmt":"2023-11-13T13:54:43","slug":"regulamin-webinaru","status":"publish","type":"page","link":"https:\/\/fimedia.net\/webinar\/regulamin-webinaru\/","title":{"rendered":"Regulamin Webinaru"},"content":{"rendered":"\t\t<div data-elementor-type=\"wp-page\" data-elementor-id=\"15106\" class=\"elementor elementor-15106\" data-elementor-post-type=\"page\">\n\t\t\t\t\t\t\t<div class=\"elementor-element elementor-element-1899885 e-flex e-con-boxed e-con e-parent\" data-id=\"1899885\" data-element_type=\"container\" data-settings=\"{&quot;background_background&quot;:&quot;classic&quot;,&quot;content_width&quot;:&quot;boxed&quot;}\" data-core-v316-plus=\"true\">\n\t\t\t\t\t<div class=\"e-con-inner\">\n\t\t\t\t<div class=\"elementor-element elementor-element-fbbdd09 elementor-widget elementor-widget-heading\" data-id=\"fbbdd09\" data-element_type=\"widget\" data-widget_type=\"heading.default\">\n\t\t\t\t<div class=\"elementor-widget-container\">\n\t\t\t<style>\/*! elementor - v3.16.0 - 20-09-2023 *\/\n.elementor-heading-title{padding:0;margin:0;line-height:1}.elementor-widget-heading .elementor-heading-title[class*=elementor-size-]>a{color:inherit;font-size:inherit;line-height:inherit}.elementor-widget-heading .elementor-heading-title.elementor-size-small{font-size:15px}.elementor-widget-heading .elementor-heading-title.elementor-size-medium{font-size:19px}.elementor-widget-heading .elementor-heading-title.elementor-size-large{font-size:29px}.elementor-widget-heading .elementor-heading-title.elementor-size-xl{font-size:39px}.elementor-widget-heading .elementor-heading-title.elementor-size-xxl{font-size:59px}<\/style><h1 class=\"elementor-heading-title elementor-size-default\">Regulamin Webinaru z Zapisem RODO<\/h1>\t\t<\/div>\n\t\t\t\t<\/div>\n\t\t\t\t<div class=\"elementor-element elementor-element-91e8003 animated-slow elementor-widget elementor-widget-text-editor\" data-id=\"91e8003\" data-element_type=\"widget\" data-settings=\"{&quot;_animation&quot;:&quot;none&quot;}\" data-widget_type=\"text-editor.default\">\n\t\t\t\t<div class=\"elementor-widget-container\">\n\t\t\t<style>\/*! elementor - v3.16.0 - 20-09-2023 *\/\n.elementor-widget-text-editor.elementor-drop-cap-view-stacked .elementor-drop-cap{background-color:#69727d;color:#fff}.elementor-widget-text-editor.elementor-drop-cap-view-framed .elementor-drop-cap{color:#69727d;border:3px solid;background-color:transparent}.elementor-widget-text-editor:not(.elementor-drop-cap-view-default) .elementor-drop-cap{margin-top:8px}.elementor-widget-text-editor:not(.elementor-drop-cap-view-default) .elementor-drop-cap-letter{width:1em;height:1em}.elementor-widget-text-editor .elementor-drop-cap{float:left;text-align:center;line-height:1;font-size:50px}.elementor-widget-text-editor .elementor-drop-cap-letter{display:inline-block}<\/style>\t\t\t\t<p><strong>Cel webinaru:<\/strong><br \/>1.1 Webinar ma na celu dostarczenie warto\u015bciowej wiedzy i informacji zwi\u0105zanej z tematem prezentacji.<br \/>1.2 Dane uczestnik\u00f3w b\u0119d\u0105 przetwarzane zgodnie z przepisami RODO.<\/p><p><strong>Rejestracja:<\/strong><br \/>2.1 Udzia\u0142 w webinarze wymaga wcze\u015bniejszej rejestracji poprzez formularz dost\u0119pny na stronie<br \/>internetowej www.fimedia.net.<br \/>2.2 Dane osobowe uczestnik\u00f3w s\u0105 poufne i nie s\u0105 udost\u0119pniane osobom trzecim. Zgoda na przetwarzanie<br \/>danych jest uzyskiwana podczas rejestracji.<\/p><p><strong>Uczestnictwo:<\/strong><br \/>3.1 Udzia\u0142 w webinarze jest otwarty dla wszystkich zarejestrowanych uczestnik\u00f3w.<br \/>3.2 Dane uczestnik\u00f3w b\u0119d\u0105 przetwarzane w celu umo\u017cliwienia udzia\u0142u w webinarze.<\/p><p><strong>Zachowanie Uczestnik\u00f3w:<\/strong><br \/>4.1 Uczestnicy zobowi\u0105zani s\u0105 do szanowania innych uczestnik\u00f3w oraz prelegent\u00f3w.<br \/>4.2 Dane uczestnik\u00f3w nie b\u0119d\u0105 udost\u0119pniane publicznie bez ich zgody.<\/p><p><strong>Prawa Autorskie:<\/strong><br \/>5.1 Materia\u0142y prezentowane podczas webinaru s\u0105 chronione prawem autorskim.<br \/>5.2 Bez zgody prelegenta zabronione jest nagrywanie, kopiowanie lub rozpowszechnianie materia\u0142\u00f3w<br \/>webinarowych.<\/p><p><strong>Pytania i Dyskusje:<\/strong><br \/>6.1 Uczestnicy maj\u0105 mo\u017cliwo\u015b\u0107 zadawania pyta\u0144 poprzez dost\u0119pne narz\u0119dzia do komunikacji.<br \/>6.2 Pytania powinny by\u0107 zwi\u0105zane z tematem prezentacji.<br \/>6.3 Dane uczestnik\u00f3w wykorzystywane w kontek\u015bcie pyta\u0144 b\u0119d\u0105 traktowane zgodnie z RODO.<\/p><p><strong>Przerwy i Czas Trwania:<\/strong><br \/>7.1 Organizator mo\u017ce zaplanowa\u0107 przerwy w trakcie webinaru.<br \/>7.2 Czas trwania webinaru mo\u017ce ulec zmianie z powodu okoliczno\u015bci losowych.<\/p><p><strong>Zmiany w Programie:<\/strong><br \/>8.1 Organizator zastrzega sobie prawo do zmiany programu webinaru.<br \/>8.2 Uczestnicy zostan\u0105 poinformowani o ewentualnych zmianach.<br \/>8.3 Informacje dotycz\u0105ce zmian w programie b\u0119d\u0105 przekazywane z poszanowaniem zasad RODO.<\/p><p><strong>Postanowienia Ko\u0144cowe:<\/strong><br \/>9.1 Organizator nie ponosi odpowiedzialno\u015bci za problemy techniczne po stronie uczestnika.<br \/>9.2 Ka\u017cdy uczestnik bierze udzia\u0142 w webinarze na w\u0142asn\u0105 odpowiedzialno\u015b\u0107.<br \/>9.3 Dane uczestnik\u00f3w przechowywane b\u0119d\u0105 zgodnie z zasadami RODO.<\/p><p><strong>Kontakt:<\/strong><br \/>10.1 W przypadku pyta\u0144 lub w\u0105tpliwo\u015bci dotycz\u0105cych przetwarzania danych osobowych, uczestnicy<br \/>mog\u0105 skontaktowa\u0107 si\u0119 z organem odpowiedzialnym za ochron\u0119 danych.<br \/>Udzia\u0142 w webinarze oznacza akceptacj\u0119 powy\u017cszego regulaminu, w tym zapis\u00f3w dotycz\u0105cych<br \/>przetwarzania danych osobowych zgodnie z RODO.<\/p>\t\t\t\t\t\t<\/div>\n\t\t\t\t<\/div>\n\t\t\t\t\t<\/div>\n\t\t\t\t<\/div>\n\t\t\t\t\t\t\t<\/div>\n\t\t","protected":false},"excerpt":{"rendered":"<p>Regulamin Webinaru z Zapisem RODO Cel webinaru:1.1 Webinar ma na celu dostarczenie warto\u015bciowej wiedzy i informacji zwi\u0105zanej z tematem prezentacji.1.2 Dane uczestnik\u00f3w b\u0119d\u0105 przetwarzane zgodnie z przepisami RODO. Rejestracja:2.1 Udzia\u0142 w webinarze wymaga wcze\u015bniejszej rejestracji poprzez formularz dost\u0119pny na stronieinternetowej www.fimedia.net.2.2 Dane osobowe uczestnik\u00f3w s\u0105 poufne i nie s\u0105 udost\u0119pniane osobom trzecim. Zgoda na przetwarzaniedanych [&hellip;]<\/p>\n","protected":false},"author":1,"featured_media":0,"parent":0,"menu_order":0,"comment_status":"closed","ping_status":"closed","template":"elementor_canvas","meta":{"footnotes":""},"class_list":["post-15106","page","type-page","status-publish","hentry"],"yoast_head":"<!-- This site is optimized with the Yoast SEO plugin v21.4 - https:\/\/yoast.com\/wordpress\/plugins\/seo\/ -->\n<title>Regulamin Webinaru - FiMedia.net<\/title>\n<meta name=\"robots\" content=\"index, follow, max-snippet:-1, max-image-preview:large, max-video-preview:-1\" \/>\n<link rel=\"canonical\" href=\"https:\/\/fimedia.net\/webinar\/regulamin-webinaru\/\" \/>\n<meta property=\"og:locale\" content=\"pl_PL\" \/>\n<meta property=\"og:type\" content=\"article\" \/>\n<meta property=\"og:title\" content=\"Regulamin Webinaru - FiMedia.net\" \/>\n<meta property=\"og:description\" content=\"Regulamin Webinaru z Zapisem RODO Cel webinaru:1.1 Webinar ma na celu dostarczenie warto\u015bciowej wiedzy i informacji zwi\u0105zanej z tematem prezentacji.1.2 Dane uczestnik\u00f3w b\u0119d\u0105 przetwarzane zgodnie z przepisami RODO. Rejestracja:2.1 Udzia\u0142 w webinarze wymaga wcze\u015bniejszej rejestracji poprzez formularz dost\u0119pny na stronieinternetowej www.fimedia.net.2.2 Dane osobowe uczestnik\u00f3w s\u0105 poufne i nie s\u0105 udost\u0119pniane osobom trzecim. Zgoda na przetwarzaniedanych [&hellip;]\" \/>\n<meta property=\"og:url\" content=\"https:\/\/fimedia.net\/webinar\/regulamin-webinaru\/\" \/>\n<meta property=\"og:site_name\" content=\"FiMedia.net\" \/>\n<meta property=\"article:modified_time\" content=\"2023-11-13T13:54:43+00:00\" \/>\n<meta name=\"twitter:card\" content=\"summary_large_image\" \/>\n<meta name=\"twitter:label1\" content=\"Szacowany czas czytania\" \/>\n\t<meta name=\"twitter:data1\" content=\"2 minuty\" \/>\n<script type=\"application\/ld+json\" class=\"yoast-schema-graph\">{\"@context\":\"https:\/\/schema.org\",\"@graph\":[{\"@type\":\"WebPage\",\"@id\":\"https:\/\/fimedia.net\/webinar\/regulamin-webinaru\/\",\"url\":\"https:\/\/fimedia.net\/webinar\/regulamin-webinaru\/\",\"name\":\"Regulamin Webinaru - FiMedia.net\",\"isPartOf\":{\"@id\":\"https:\/\/fimedia.net\/webinar\/#website\"},\"datePublished\":\"2023-11-11T20:24:35+00:00\",\"dateModified\":\"2023-11-13T13:54:43+00:00\",\"breadcrumb\":{\"@id\":\"https:\/\/fimedia.net\/webinar\/regulamin-webinaru\/#breadcrumb\"},\"inLanguage\":\"pl-PL\",\"potentialAction\":[{\"@type\":\"ReadAction\",\"target\":[\"https:\/\/fimedia.net\/webinar\/regulamin-webinaru\/\"]}]},{\"@type\":\"BreadcrumbList\",\"@id\":\"https:\/\/fimedia.net\/webinar\/regulamin-webinaru\/#breadcrumb\",\"itemListElement\":[{\"@type\":\"ListItem\",\"position\":1,\"name\":\"Strona g\u0142\u00f3wna\",\"item\":\"https:\/\/fimedia.net\/webinar\/\"},{\"@type\":\"ListItem\",\"position\":2,\"name\":\"Regulamin Webinaru\"}]},{\"@type\":\"WebSite\",\"@id\":\"https:\/\/fimedia.net\/webinar\/#website\",\"url\":\"https:\/\/fimedia.net\/webinar\/\",\"name\":\"FiMedia.net\",\"description\":\"\",\"potentialAction\":[{\"@type\":\"SearchAction\",\"target\":{\"@type\":\"EntryPoint\",\"urlTemplate\":\"https:\/\/fimedia.net\/webinar\/?s={search_term_string}\"},\"query-input\":\"required name=search_term_string\"}],\"inLanguage\":\"pl-PL\"}]}<\/script>\n<!-- \/ Yoast SEO plugin. -->","yoast_head_json":{"title":"Regulamin Webinaru - FiMedia.net","robots":{"index":"index","follow":"follow","max-snippet":"max-snippet:-1","max-image-preview":"max-image-preview:large","max-video-preview":"max-video-preview:-1"},"canonical":"https:\/\/fimedia.net\/webinar\/regulamin-webinaru\/","og_locale":"pl_PL","og_type":"article","og_title":"Regulamin Webinaru - FiMedia.net","og_description":"Regulamin Webinaru z Zapisem RODO Cel webinaru:1.1 Webinar ma na celu dostarczenie warto\u015bciowej wiedzy i informacji zwi\u0105zanej z tematem prezentacji.1.2 Dane uczestnik\u00f3w b\u0119d\u0105 przetwarzane zgodnie z przepisami RODO. Rejestracja:2.1 Udzia\u0142 w webinarze wymaga wcze\u015bniejszej rejestracji poprzez formularz dost\u0119pny na stronieinternetowej www.fimedia.net.2.2 Dane osobowe uczestnik\u00f3w s\u0105 poufne i nie s\u0105 udost\u0119pniane osobom trzecim. Zgoda na przetwarzaniedanych [&hellip;]","og_url":"https:\/\/fimedia.net\/webinar\/regulamin-webinaru\/","og_site_name":"FiMedia.net","article_modified_time":"2023-11-13T13:54:43+00:00","twitter_card":"summary_large_image","twitter_misc":{"Szacowany czas czytania":"2 minuty"},"schema":{"@context":"https:\/\/schema.org","@graph":[{"@type":"WebPage","@id":"https:\/\/fimedia.net\/webinar\/regulamin-webinaru\/","url":"https:\/\/fimedia.net\/webinar\/regulamin-webinaru\/","name":"Regulamin Webinaru - FiMedia.net","isPartOf":{"@id":"https:\/\/fimedia.net\/webinar\/#website"},"datePublished":"2023-11-11T20:24:35+00:00","dateModified":"2023-11-13T13:54:43+00:00","breadcrumb":{"@id":"https:\/\/fimedia.net\/webinar\/regulamin-webinaru\/#breadcrumb"},"inLanguage":"pl-PL","potentialAction":[{"@type":"ReadAction","target":["https:\/\/fimedia.net\/webinar\/regulamin-webinaru\/"]}]},{"@type":"BreadcrumbList","@id":"https:\/\/fimedia.net\/webinar\/regulamin-webinaru\/#breadcrumb","itemListElement":[{"@type":"ListItem","position":1,"name":"Strona g\u0142\u00f3wna","item":"https:\/\/fimedia.net\/webinar\/"},{"@type":"ListItem","position":2,"name":"Regulamin Webinaru"}]},{"@type":"WebSite","@id":"https:\/\/fimedia.net\/webinar\/#website","url":"https:\/\/fimedia.net\/webinar\/","name":"FiMedia.net","description":"","potentialAction":[{"@type":"SearchAction","target":{"@type":"EntryPoint","urlTemplate":"https:\/\/fimedia.net\/webinar\/?s={search_term_string}"},"query-input":"required name=search_term_string"}],"inLanguage":"pl-PL"}]}},"_links":{"self":[{"href":"https:\/\/fimedia.net\/webinar\/wp-json\/wp\/v2\/pages\/15106","targetHints":{"allow":["GET"]}}],"collection":[{"href":"https:\/\/fimedia.net\/webinar\/wp-json\/wp\/v2\/pages"}],"about":[{"href":"https:\/\/fimedia.net\/webinar\/wp-json\/wp\/v2\/types\/page"}],"author":[{"embeddable":true,"href":"https:\/\/fimedia.net\/webinar\/wp-json\/wp\/v2\/users\/1"}],"replies":[{"embeddable":true,"href":"https:\/\/fimedia.net\/webinar\/wp-json\/wp\/v2\/comments?post=15106"}],"version-history":[{"count":20,"href":"https:\/\/fimedia.net\/webinar\/wp-json\/wp\/v2\/pages\/15106\/revisions"}],"predecessor-version":[{"id":15363,"href":"https:\/\/fimedia.net\/webinar\/wp-json\/wp\/v2\/pages\/15106\/revisions\/15363"}],"wp:attachment":[{"href":"https:\/\/fimedia.net\/webinar\/wp-json\/wp\/v2\/media?parent=15106"}],"curies":[{"name":"wp","href":"https:\/\/api.w.org\/{rel}","templated":true}]}}