{"id":15365,"date":"2023-11-15T10:00:54","date_gmt":"2023-11-15T09:00:54","guid":{"rendered":"https:\/\/fimedia.net\/webinar\/sklep\/"},"modified":"2023-12-10T12:17:19","modified_gmt":"2023-12-10T11:17:19","slug":"sklep","status":"publish","type":"page","link":"https:\/\/fimedia.net\/webinar\/sklep\/","title":{"rendered":"Sklep &#8211; pakiety"},"content":{"rendered":"\t\t<div data-elementor-type=\"wp-page\" data-elementor-id=\"15365\" class=\"elementor elementor-15365\" data-elementor-post-type=\"page\">\n\t\t\t\t\t\t\t<div class=\"elementor-element elementor-element-f264462 e-flex e-con-boxed e-con e-parent\" data-id=\"f264462\" data-element_type=\"container\" data-settings=\"{&quot;content_width&quot;:&quot;boxed&quot;}\" data-core-v316-plus=\"true\">\n\t\t\t\t\t<div class=\"e-con-inner\">\n\t\t\t\t<div class=\"elementor-element elementor-element-33d576a elementor-widget elementor-widget-heading\" data-id=\"33d576a\" data-element_type=\"widget\" data-widget_type=\"heading.default\">\n\t\t\t\t<div class=\"elementor-widget-container\">\n\t\t\t<style>\/*! elementor - v3.16.0 - 20-09-2023 *\/\n.elementor-heading-title{padding:0;margin:0;line-height:1}.elementor-widget-heading .elementor-heading-title[class*=elementor-size-]>a{color:inherit;font-size:inherit;line-height:inherit}.elementor-widget-heading .elementor-heading-title.elementor-size-small{font-size:15px}.elementor-widget-heading .elementor-heading-title.elementor-size-medium{font-size:19px}.elementor-widget-heading .elementor-heading-title.elementor-size-large{font-size:29px}.elementor-widget-heading .elementor-heading-title.elementor-size-xl{font-size:39px}.elementor-widget-heading .elementor-heading-title.elementor-size-xxl{font-size:59px}<\/style><h1 class=\"elementor-heading-title elementor-size-default\">Sklep<\/h1>\t\t<\/div>\n\t\t\t\t<\/div>\n\t\t\t\t<div class=\"elementor-element elementor-element-cf482eb elementor-widget elementor-widget-text-editor\" data-id=\"cf482eb\" data-element_type=\"widget\" data-widget_type=\"text-editor.default\">\n\t\t\t\t<div class=\"elementor-widget-container\">\n\t\t\t<style>\/*! elementor - v3.16.0 - 20-09-2023 *\/\n.elementor-widget-text-editor.elementor-drop-cap-view-stacked .elementor-drop-cap{background-color:#69727d;color:#fff}.elementor-widget-text-editor.elementor-drop-cap-view-framed .elementor-drop-cap{color:#69727d;border:3px solid;background-color:transparent}.elementor-widget-text-editor:not(.elementor-drop-cap-view-default) .elementor-drop-cap{margin-top:8px}.elementor-widget-text-editor:not(.elementor-drop-cap-view-default) .elementor-drop-cap-letter{width:1em;height:1em}.elementor-widget-text-editor .elementor-drop-cap{float:left;text-align:center;line-height:1;font-size:50px}.elementor-widget-text-editor .elementor-drop-cap-letter{display:inline-block}<\/style>\t\t\t\t<p>Wybierz rodzaj interesuj\u0105cego Ci\u0119 pakietu lub licencji na aplikacj\u0119 <strong>Speed Text<\/strong><\/p>\t\t\t\t\t\t<\/div>\n\t\t\t\t<\/div>\n\t\t\t\t<div class=\"elementor-element elementor-element-fe63e60 elementor-widget elementor-widget-text-editor\" data-id=\"fe63e60\" data-element_type=\"widget\" data-widget_type=\"text-editor.default\">\n\t\t\t\t<div class=\"elementor-widget-container\">\n\t\t\t\t\t\t\t<div class=\"woocommerce columns-3 \"><ul class=\"products columns-3\">\n<li class=\"product type-product post-15438 status-publish first instock product_cat-speedtext has-post-thumbnail virtual sold-individually purchasable product-type-simple\">\n\t\n\t<div class=\"product-media\">\t\n\t\t<a href=\"https:\/\/fimedia.net\/webinar\/sklep\/licencja-1\/\" title=\"Pakiet 100\">\n\t\t\t\t<\/a>\n\t\t<div class=\"wrapper-add-to-cart\">\n\t\t\t<div class=\"add-to-cart-inner\">\n\t\t\t\t\t\t\t\n\t\t\t<\/div>\n\t\t<\/div>\n\t<\/div>\n\t<div class=\"post-header\">\n\t\t<div class=\"flex-middle mb-2\">\n\t\t<ul class=\"post-cates\"><li><a href=\"https:\/\/fimedia.net\/webinar\/kategoria-produktu\/speedtext\/\" class=\"speedtext\">SpeedText<\/a><\/li><\/ul>\t\t<\/div>\n\n\t<h2 class=\"woocommerce-loop-product__title entry-title display-5\"><a href=\"https:\/\/fimedia.net\/webinar\/sklep\/licencja-1\/\">Pakiet 100<\/a><\/h2>\t<\/div>\n<\/li>\n<li class=\"product type-product post-15383 status-publish instock product_cat-speedtext has-post-thumbnail sold-individually shipping-taxable purchasable product-type-simple\">\n\t\n\t<div class=\"product-media\">\t\n\t\t<a href=\"https:\/\/fimedia.net\/webinar\/sklep\/kup-teraz\/\" title=\"Webinar &#8211; licencja\">\n\t\t\t\t<\/a>\n\t\t<div class=\"wrapper-add-to-cart\">\n\t\t\t<div class=\"add-to-cart-inner\">\n\t\t\t\t\t\t\t\n\t\t\t<\/div>\n\t\t<\/div>\n\t<\/div>\n\t<div class=\"post-header\">\n\t\t<div class=\"flex-middle mb-2\">\n\t\t<ul class=\"post-cates\"><li><a href=\"https:\/\/fimedia.net\/webinar\/kategoria-produktu\/speedtext\/\" class=\"speedtext\">SpeedText<\/a><\/li><\/ul>\t\t<\/div>\n\n\t<h2 class=\"woocommerce-loop-product__title entry-title display-5\"><a href=\"https:\/\/fimedia.net\/webinar\/sklep\/kup-teraz\/\">Webinar &#8211; licencja<\/a><\/h2>\t<\/div>\n<\/li>\n<li class=\"product type-product post-15439 status-publish last instock product_cat-speedtext has-post-thumbnail virtual sold-individually purchasable product-type-simple\">\n\t\n\t<div class=\"product-media\">\t\n\t\t<a href=\"https:\/\/fimedia.net\/webinar\/sklep\/licencja-2\/\" title=\"Pakiet 200\">\n\t\t\t\t<\/a>\n\t\t<div class=\"wrapper-add-to-cart\">\n\t\t\t<div class=\"add-to-cart-inner\">\n\t\t\t\t\t\t\t\n\t\t\t<\/div>\n\t\t<\/div>\n\t<\/div>\n\t<div class=\"post-header\">\n\t\t<div class=\"flex-middle mb-2\">\n\t\t<ul class=\"post-cates\"><li><a href=\"https:\/\/fimedia.net\/webinar\/kategoria-produktu\/speedtext\/\" class=\"speedtext\">SpeedText<\/a><\/li><\/ul>\t\t<\/div>\n\n\t<h2 class=\"woocommerce-loop-product__title entry-title display-5\"><a href=\"https:\/\/fimedia.net\/webinar\/sklep\/licencja-2\/\">Pakiet 200<\/a><\/h2>\t<\/div>\n<\/li>\n<li class=\"product type-product post-15440 status-publish first instock product_cat-speedtext has-post-thumbnail virtual sold-individually purchasable product-type-simple\">\n\t\n\t<div class=\"product-media\">\t\n\t\t<a href=\"https:\/\/fimedia.net\/webinar\/sklep\/licencja-3\/\" title=\"Pakiet 300\">\n\t\t\t\t<\/a>\n\t\t<div class=\"wrapper-add-to-cart\">\n\t\t\t<div class=\"add-to-cart-inner\">\n\t\t\t\t\t\t\t\n\t\t\t<\/div>\n\t\t<\/div>\n\t<\/div>\n\t<div class=\"post-header\">\n\t\t<div class=\"flex-middle mb-2\">\n\t\t<ul class=\"post-cates\"><li><a href=\"https:\/\/fimedia.net\/webinar\/kategoria-produktu\/speedtext\/\" class=\"speedtext\">SpeedText<\/a><\/li><\/ul>\t\t<\/div>\n\n\t<h2 class=\"woocommerce-loop-product__title entry-title display-5\"><a href=\"https:\/\/fimedia.net\/webinar\/sklep\/licencja-3\/\">Pakiet 300<\/a><\/h2>\t<\/div>\n<\/li>\n<li class=\"product type-product post-15441 status-publish instock product_cat-speedtext has-post-thumbnail virtual sold-individually purchasable product-type-simple\">\n\t\n\t<div class=\"product-media\">\t\n\t\t<a href=\"https:\/\/fimedia.net\/webinar\/sklep\/licencja-4\/\" title=\"Pakiet 500\">\n\t\t\t\t<\/a>\n\t\t<div class=\"wrapper-add-to-cart\">\n\t\t\t<div class=\"add-to-cart-inner\">\n\t\t\t\t\t\t\t\n\t\t\t<\/div>\n\t\t<\/div>\n\t<\/div>\n\t<div class=\"post-header\">\n\t\t<div class=\"flex-middle mb-2\">\n\t\t<ul class=\"post-cates\"><li><a href=\"https:\/\/fimedia.net\/webinar\/kategoria-produktu\/speedtext\/\" class=\"speedtext\">SpeedText<\/a><\/li><\/ul>\t\t<\/div>\n\n\t<h2 class=\"woocommerce-loop-product__title entry-title display-5\"><a href=\"https:\/\/fimedia.net\/webinar\/sklep\/licencja-4\/\">Pakiet 500<\/a><\/h2>\t<\/div>\n<\/li>\n<li class=\"product type-product post-15443 status-publish last instock product_cat-speedtext has-post-thumbnail virtual sold-individually purchasable product-type-simple\">\n\t\n\t<div class=\"product-media\">\t\n\t\t<a href=\"https:\/\/fimedia.net\/webinar\/sklep\/licencja-5\/\" title=\"Pakiet 1000\">\n\t\t\t\t<\/a>\n\t\t<div class=\"wrapper-add-to-cart\">\n\t\t\t<div class=\"add-to-cart-inner\">\n\t\t\t\t\t\t\t\n\t\t\t<\/div>\n\t\t<\/div>\n\t<\/div>\n\t<div class=\"post-header\">\n\t\t<div class=\"flex-middle mb-2\">\n\t\t<ul class=\"post-cates\"><li><a href=\"https:\/\/fimedia.net\/webinar\/kategoria-produktu\/speedtext\/\" class=\"speedtext\">SpeedText<\/a><\/li><\/ul>\t\t<\/div>\n\n\t<h2 class=\"woocommerce-loop-product__title entry-title display-5\"><a href=\"https:\/\/fimedia.net\/webinar\/sklep\/licencja-5\/\">Pakiet 1000<\/a><\/h2>\t<\/div>\n<\/li>\n<li class=\"product type-product post-15444 status-publish first instock product_cat-speedtext has-post-thumbnail virtual sold-individually purchasable product-type-simple\">\n\t\n\t<div class=\"product-media\">\t\n\t\t<a href=\"https:\/\/fimedia.net\/webinar\/sklep\/licencja-6\/\" title=\"Licencja Extra\">\n\t\t\t\t<\/a>\n\t\t<div class=\"wrapper-add-to-cart\">\n\t\t\t<div class=\"add-to-cart-inner\">\n\t\t\t\t\t\t\t\n\t\t\t<\/div>\n\t\t<\/div>\n\t<\/div>\n\t<div class=\"post-header\">\n\t\t<div class=\"flex-middle mb-2\">\n\t\t<ul class=\"post-cates\"><li><a href=\"https:\/\/fimedia.net\/webinar\/kategoria-produktu\/speedtext\/\" class=\"speedtext\">SpeedText<\/a><\/li><\/ul>\t\t<\/div>\n\n\t<h2 class=\"woocommerce-loop-product__title entry-title display-5\"><a href=\"https:\/\/fimedia.net\/webinar\/sklep\/licencja-6\/\">Licencja Extra<\/a><\/h2>\t<\/div>\n<\/li>\n<\/ul>\n<\/div>\t\t\t\t\t\t<\/div>\n\t\t\t\t<\/div>\n\t\t\t\t\t<\/div>\n\t\t\t\t<\/div>\n\t\t\t\t\t\t\t<\/div>\n\t\t","protected":false},"excerpt":{"rendered":"<p>Sklep Wybierz rodzaj interesuj\u0105cego Ci\u0119 pakietu lub licencji na aplikacj\u0119 Speed Text<\/p>\n","protected":false},"author":1,"featured_media":0,"parent":0,"menu_order":0,"comment_status":"closed","ping_status":"closed","template":"elementor_canvas","meta":{"footnotes":""},"class_list":["post-15365","page","type-page","status-publish","hentry"],"yoast_head":"<!-- This site is optimized with the Yoast SEO plugin v21.4 - https:\/\/yoast.com\/wordpress\/plugins\/seo\/ -->\n<title>Sklep - pakiety - FiMedia.net<\/title>\n<meta name=\"robots\" content=\"index, follow, max-snippet:-1, max-image-preview:large, max-video-preview:-1\" \/>\n<link rel=\"canonical\" href=\"https:\/\/fimedia.net\/webinar\/sklep\/\" \/>\n<meta property=\"og:locale\" content=\"pl_PL\" \/>\n<meta property=\"og:type\" content=\"article\" \/>\n<meta property=\"og:title\" content=\"Sklep - pakiety - FiMedia.net\" \/>\n<meta property=\"og:description\" content=\"Sklep Wybierz rodzaj interesuj\u0105cego Ci\u0119 pakietu lub licencji na aplikacj\u0119 Speed Text\" \/>\n<meta property=\"og:url\" content=\"https:\/\/fimedia.net\/webinar\/sklep\/\" \/>\n<meta property=\"og:site_name\" content=\"FiMedia.net\" \/>\n<meta property=\"article:modified_time\" content=\"2023-12-10T11:17:19+00:00\" \/>\n<meta name=\"twitter:card\" content=\"summary_large_image\" \/>\n<meta name=\"twitter:label1\" content=\"Szacowany czas czytania\" \/>\n\t<meta name=\"twitter:data1\" content=\"2 minuty\" \/>\n<script type=\"application\/ld+json\" class=\"yoast-schema-graph\">{\"@context\":\"https:\/\/schema.org\",\"@graph\":[{\"@type\":\"WebPage\",\"@id\":\"https:\/\/fimedia.net\/webinar\/sklep\/\",\"url\":\"https:\/\/fimedia.net\/webinar\/sklep\/\",\"name\":\"Sklep - pakiety - FiMedia.net\",\"isPartOf\":{\"@id\":\"https:\/\/fimedia.net\/webinar\/#website\"},\"datePublished\":\"2023-11-15T09:00:54+00:00\",\"dateModified\":\"2023-12-10T11:17:19+00:00\",\"breadcrumb\":{\"@id\":\"https:\/\/fimedia.net\/webinar\/sklep\/#breadcrumb\"},\"inLanguage\":\"pl-PL\",\"potentialAction\":[{\"@type\":\"ReadAction\",\"target\":[\"https:\/\/fimedia.net\/webinar\/sklep\/\"]}]},{\"@type\":\"BreadcrumbList\",\"@id\":\"https:\/\/fimedia.net\/webinar\/sklep\/#breadcrumb\",\"itemListElement\":[{\"@type\":\"ListItem\",\"position\":1,\"name\":\"Strona g\u0142\u00f3wna\",\"item\":\"https:\/\/fimedia.net\/webinar\/\"},{\"@type\":\"ListItem\",\"position\":2,\"name\":\"Sklep &#8211; pakiety\"}]},{\"@type\":\"WebSite\",\"@id\":\"https:\/\/fimedia.net\/webinar\/#website\",\"url\":\"https:\/\/fimedia.net\/webinar\/\",\"name\":\"FiMedia.net\",\"description\":\"\",\"potentialAction\":[{\"@type\":\"SearchAction\",\"target\":{\"@type\":\"EntryPoint\",\"urlTemplate\":\"https:\/\/fimedia.net\/webinar\/?s={search_term_string}\"},\"query-input\":\"required name=search_term_string\"}],\"inLanguage\":\"pl-PL\"}]}<\/script>\n<!-- \/ Yoast SEO plugin. -->","yoast_head_json":{"title":"Sklep - pakiety - FiMedia.net","robots":{"index":"index","follow":"follow","max-snippet":"max-snippet:-1","max-image-preview":"max-image-preview:large","max-video-preview":"max-video-preview:-1"},"canonical":"https:\/\/fimedia.net\/webinar\/sklep\/","og_locale":"pl_PL","og_type":"article","og_title":"Sklep - pakiety - FiMedia.net","og_description":"Sklep Wybierz rodzaj interesuj\u0105cego Ci\u0119 pakietu lub licencji na aplikacj\u0119 Speed Text","og_url":"https:\/\/fimedia.net\/webinar\/sklep\/","og_site_name":"FiMedia.net","article_modified_time":"2023-12-10T11:17:19+00:00","twitter_card":"summary_large_image","twitter_misc":{"Szacowany czas czytania":"2 minuty"},"schema":{"@context":"https:\/\/schema.org","@graph":[{"@type":"WebPage","@id":"https:\/\/fimedia.net\/webinar\/sklep\/","url":"https:\/\/fimedia.net\/webinar\/sklep\/","name":"Sklep - pakiety - FiMedia.net","isPartOf":{"@id":"https:\/\/fimedia.net\/webinar\/#website"},"datePublished":"2023-11-15T09:00:54+00:00","dateModified":"2023-12-10T11:17:19+00:00","breadcrumb":{"@id":"https:\/\/fimedia.net\/webinar\/sklep\/#breadcrumb"},"inLanguage":"pl-PL","potentialAction":[{"@type":"ReadAction","target":["https:\/\/fimedia.net\/webinar\/sklep\/"]}]},{"@type":"BreadcrumbList","@id":"https:\/\/fimedia.net\/webinar\/sklep\/#breadcrumb","itemListElement":[{"@type":"ListItem","position":1,"name":"Strona g\u0142\u00f3wna","item":"https:\/\/fimedia.net\/webinar\/"},{"@type":"ListItem","position":2,"name":"Sklep &#8211; pakiety"}]},{"@type":"WebSite","@id":"https:\/\/fimedia.net\/webinar\/#website","url":"https:\/\/fimedia.net\/webinar\/","name":"FiMedia.net","description":"","potentialAction":[{"@type":"SearchAction","target":{"@type":"EntryPoint","urlTemplate":"https:\/\/fimedia.net\/webinar\/?s={search_term_string}"},"query-input":"required name=search_term_string"}],"inLanguage":"pl-PL"}]}},"_links":{"self":[{"href":"https:\/\/fimedia.net\/webinar\/wp-json\/wp\/v2\/pages\/15365","targetHints":{"allow":["GET"]}}],"collection":[{"href":"https:\/\/fimedia.net\/webinar\/wp-json\/wp\/v2\/pages"}],"about":[{"href":"https:\/\/fimedia.net\/webinar\/wp-json\/wp\/v2\/types\/page"}],"author":[{"embeddable":true,"href":"https:\/\/fimedia.net\/webinar\/wp-json\/wp\/v2\/users\/1"}],"replies":[{"embeddable":true,"href":"https:\/\/fimedia.net\/webinar\/wp-json\/wp\/v2\/comments?post=15365"}],"version-history":[{"count":22,"href":"https:\/\/fimedia.net\/webinar\/wp-json\/wp\/v2\/pages\/15365\/revisions"}],"predecessor-version":[{"id":15577,"href":"https:\/\/fimedia.net\/webinar\/wp-json\/wp\/v2\/pages\/15365\/revisions\/15577"}],"wp:attachment":[{"href":"https:\/\/fimedia.net\/webinar\/wp-json\/wp\/v2\/media?parent=15365"}],"curies":[{"name":"wp","href":"https:\/\/api.w.org\/{rel}","templated":true}]}}