{"id":15383,"date":"2023-11-15T10:34:55","date_gmt":"2023-11-15T09:34:55","guid":{"rendered":"https:\/\/fimedia.net\/webinar\/?post_type=product&#038;p=15383"},"modified":"2023-11-18T16:28:13","modified_gmt":"2023-11-18T15:28:13","slug":"kup-teraz","status":"publish","type":"product","link":"https:\/\/fimedia.net\/webinar\/sklep\/kup-teraz\/","title":{"rendered":"Webinar &#8211; licencja"},"content":{"rendered":"","protected":false},"excerpt":{"rendered":"<p><strong>Tylko w trakcie Webinaru:<\/strong><\/p>\n<ul>\n<li>20 artyku\u0142\u00f3w w cenie 125 z\u0142<\/li>\n<li>licencja webinarowa * 25% od\u00a0 ceny regularnej licencji<\/li>\n<\/ul>\n","protected":false},"featured_media":15140,"template":"","meta":[],"product_cat":[72],"product_tag":[],"class_list":["post-15383","product","type-product","status-publish","has-post-thumbnail","hentry","product_cat-speedtext"],"yoast_head":"<!-- This site is optimized with the Yoast SEO plugin v21.4 - https:\/\/yoast.com\/wordpress\/plugins\/seo\/ -->\n<title>Webinar - licencja - FiMedia.net<\/title>\n<meta name=\"robots\" content=\"index, follow, max-snippet:-1, max-image-preview:large, max-video-preview:-1\" \/>\n<link rel=\"canonical\" href=\"https:\/\/fimedia.net\/webinar\/sklep\/kup-teraz\/\" \/>\n<meta property=\"og:locale\" content=\"pl_PL\" \/>\n<meta property=\"og:type\" content=\"article\" \/>\n<meta property=\"og:title\" content=\"Webinar - licencja - FiMedia.net\" \/>\n<meta property=\"og:description\" content=\"Tylko w trakcie Webinaru:   20 artyku\u0142\u00f3w w cenie 125 z\u0142  licencja webinarowa * 25% od\u00a0 ceny regularnej licencji\" \/>\n<meta property=\"og:url\" content=\"https:\/\/fimedia.net\/webinar\/sklep\/kup-teraz\/\" \/>\n<meta property=\"og:site_name\" content=\"FiMedia.net\" \/>\n<meta property=\"article:modified_time\" content=\"2023-11-18T15:28:13+00:00\" \/>\n<meta property=\"og:image\" content=\"https:\/\/fimedia.net\/webinar\/wp-content\/uploads\/2023\/11\/st-logo.png\" \/>\n\t<meta property=\"og:image:width\" content=\"461\" \/>\n\t<meta property=\"og:image:height\" content=\"463\" \/>\n\t<meta property=\"og:image:type\" content=\"image\/png\" \/>\n<meta name=\"twitter:card\" content=\"summary_large_image\" \/>\n<script type=\"application\/ld+json\" class=\"yoast-schema-graph\">{\"@context\":\"https:\/\/schema.org\",\"@graph\":[{\"@type\":\"WebPage\",\"@id\":\"https:\/\/fimedia.net\/webinar\/sklep\/kup-teraz\/\",\"url\":\"https:\/\/fimedia.net\/webinar\/sklep\/kup-teraz\/\",\"name\":\"Webinar - licencja - FiMedia.net\",\"isPartOf\":{\"@id\":\"https:\/\/fimedia.net\/webinar\/#website\"},\"datePublished\":\"2023-11-15T09:34:55+00:00\",\"dateModified\":\"2023-11-18T15:28:13+00:00\",\"breadcrumb\":{\"@id\":\"https:\/\/fimedia.net\/webinar\/sklep\/kup-teraz\/#breadcrumb\"},\"inLanguage\":\"pl-PL\",\"potentialAction\":[{\"@type\":\"ReadAction\",\"target\":[\"https:\/\/fimedia.net\/webinar\/sklep\/kup-teraz\/\"]}]},{\"@type\":\"BreadcrumbList\",\"@id\":\"https:\/\/fimedia.net\/webinar\/sklep\/kup-teraz\/#breadcrumb\",\"itemListElement\":[{\"@type\":\"ListItem\",\"position\":1,\"name\":\"Strona g\u0142\u00f3wna\",\"item\":\"https:\/\/fimedia.net\/webinar\/\"},{\"@type\":\"ListItem\",\"position\":2,\"name\":\"Produkty\",\"item\":\"https:\/\/fimedia.net\/webinar\/shop\/\"},{\"@type\":\"ListItem\",\"position\":3,\"name\":\"Webinar &#8211; licencja\"}]},{\"@type\":\"WebSite\",\"@id\":\"https:\/\/fimedia.net\/webinar\/#website\",\"url\":\"https:\/\/fimedia.net\/webinar\/\",\"name\":\"FiMedia.net\",\"description\":\"\",\"potentialAction\":[{\"@type\":\"SearchAction\",\"target\":{\"@type\":\"EntryPoint\",\"urlTemplate\":\"https:\/\/fimedia.net\/webinar\/?s={search_term_string}\"},\"query-input\":\"required name=search_term_string\"}],\"inLanguage\":\"pl-PL\"}]}<\/script>\n<!-- \/ Yoast SEO plugin. -->","yoast_head_json":{"title":"Webinar - licencja - FiMedia.net","robots":{"index":"index","follow":"follow","max-snippet":"max-snippet:-1","max-image-preview":"max-image-preview:large","max-video-preview":"max-video-preview:-1"},"canonical":"https:\/\/fimedia.net\/webinar\/sklep\/kup-teraz\/","og_locale":"pl_PL","og_type":"article","og_title":"Webinar - licencja - FiMedia.net","og_description":"Tylko w trakcie Webinaru:   20 artyku\u0142\u00f3w w cenie 125 z\u0142  licencja webinarowa * 25% od\u00a0 ceny regularnej licencji","og_url":"https:\/\/fimedia.net\/webinar\/sklep\/kup-teraz\/","og_site_name":"FiMedia.net","article_modified_time":"2023-11-18T15:28:13+00:00","og_image":[{"width":461,"height":463,"url":"https:\/\/fimedia.net\/webinar\/wp-content\/uploads\/2023\/11\/st-logo.png","type":"image\/png"}],"twitter_card":"summary_large_image","schema":{"@context":"https:\/\/schema.org","@graph":[{"@type":"WebPage","@id":"https:\/\/fimedia.net\/webinar\/sklep\/kup-teraz\/","url":"https:\/\/fimedia.net\/webinar\/sklep\/kup-teraz\/","name":"Webinar - licencja - FiMedia.net","isPartOf":{"@id":"https:\/\/fimedia.net\/webinar\/#website"},"datePublished":"2023-11-15T09:34:55+00:00","dateModified":"2023-11-18T15:28:13+00:00","breadcrumb":{"@id":"https:\/\/fimedia.net\/webinar\/sklep\/kup-teraz\/#breadcrumb"},"inLanguage":"pl-PL","potentialAction":[{"@type":"ReadAction","target":["https:\/\/fimedia.net\/webinar\/sklep\/kup-teraz\/"]}]},{"@type":"BreadcrumbList","@id":"https:\/\/fimedia.net\/webinar\/sklep\/kup-teraz\/#breadcrumb","itemListElement":[{"@type":"ListItem","position":1,"name":"Strona g\u0142\u00f3wna","item":"https:\/\/fimedia.net\/webinar\/"},{"@type":"ListItem","position":2,"name":"Produkty","item":"https:\/\/fimedia.net\/webinar\/shop\/"},{"@type":"ListItem","position":3,"name":"Webinar &#8211; licencja"}]},{"@type":"WebSite","@id":"https:\/\/fimedia.net\/webinar\/#website","url":"https:\/\/fimedia.net\/webinar\/","name":"FiMedia.net","description":"","potentialAction":[{"@type":"SearchAction","target":{"@type":"EntryPoint","urlTemplate":"https:\/\/fimedia.net\/webinar\/?s={search_term_string}"},"query-input":"required name=search_term_string"}],"inLanguage":"pl-PL"}]}},"_links":{"self":[{"href":"https:\/\/fimedia.net\/webinar\/wp-json\/wp\/v2\/product\/15383","targetHints":{"allow":["GET"]}}],"collection":[{"href":"https:\/\/fimedia.net\/webinar\/wp-json\/wp\/v2\/product"}],"about":[{"href":"https:\/\/fimedia.net\/webinar\/wp-json\/wp\/v2\/types\/product"}],"wp:featuredmedia":[{"embeddable":true,"href":"https:\/\/fimedia.net\/webinar\/wp-json\/wp\/v2\/media\/15140"}],"wp:attachment":[{"href":"https:\/\/fimedia.net\/webinar\/wp-json\/wp\/v2\/media?parent=15383"}],"wp:term":[{"taxonomy":"product_cat","embeddable":true,"href":"https:\/\/fimedia.net\/webinar\/wp-json\/wp\/v2\/product_cat?post=15383"},{"taxonomy":"product_tag","embeddable":true,"href":"https:\/\/fimedia.net\/webinar\/wp-json\/wp\/v2\/product_tag?post=15383"}],"curies":[{"name":"wp","href":"https:\/\/api.w.org\/{rel}","templated":true}]}}